{"id":2493,"date":"2026-04-13T17:21:50","date_gmt":"2026-04-13T17:21:50","guid":{"rendered":"https:\/\/esporasdelatierra.com\/?page_id=2493"},"modified":"2026-04-13T22:01:23","modified_gmt":"2026-04-13T22:01:23","slug":"biblioteca","status":"publish","type":"page","link":"https:\/\/esporasdelatierra.com\/en\/biblioteca\/","title":{"rendered":"Biblioteca"},"content":{"rendered":"<div data-elementor-type=\"wp-page\" data-elementor-id=\"2493\" class=\"elementor elementor-2493\" data-elementor-post-type=\"page\">\n\t\t\t\t\t\t<section data-particle_enable=\"false\" data-particle-mobile-disabled=\"false\" class=\"elementor-section elementor-top-section elementor-element elementor-element-699e4f1 elementor-section-boxed elementor-section-height-default elementor-section-height-default\" data-id=\"699e4f1\" data-element_type=\"section\" data-e-type=\"section\">\n\t\t\t\t\t\t<div class=\"elementor-container elementor-column-gap-default\">\n\t\t\t\t\t<div class=\"elementor-column elementor-col-100 elementor-top-column elementor-element elementor-element-279d010\" data-id=\"279d010\" data-element_type=\"column\" data-e-type=\"column\">\n\t\t\t<div class=\"elementor-widget-wrap elementor-element-populated\">\n\t\t\t\t\t\t<div class=\"elementor-element elementor-element-bee19de elementor-widget elementor-widget-html\" data-id=\"bee19de\" data-element_type=\"widget\" data-e-type=\"widget\" data-widget_type=\"html.default\">\n\t\t\t\t\t<div id=\"esporas-landing-hero-wrapper\" class=\"lang-es\">\r\n    <style>\r\n        @import url('https:\/\/fonts.googleapis.com\/css2?family=DM+Sans:opsz,wght@9..40,400;9..40,500;9..40,600;9..40,700&display=swap');\r\n\r\n        #esporas-landing-hero-wrapper {\r\n            \/* === COLOR DE IDENTIDAD GR\u00c1FICA === *\/\r\n            --brand-brown: #6F4E37; \r\n            --brand-brown-hover: #4A3424; \r\n            --brand-brown-light: rgba(111, 78, 55, 0.05); \r\n            --brand-brown-mid: rgba(111, 78, 55, 0.15);\r\n            \/* ================================== *\/\r\n\r\n            --apple-bg: transparent; \r\n            --apple-card: #ffffff;\r\n            --apple-text: #1d1d1f;\r\n            --apple-secondary: #86868b;\r\n            \r\n            font-family: -apple-system, BlinkMacSystemFont, \"Segoe UI\", Roboto, Helvetica, Arial, sans-serif;\r\n            color: var(--apple-text);\r\n            padding: 40px 20px;\r\n            -webkit-font-smoothing: antialiased;\r\n            max-width: 1200px; \r\n            margin: 0 auto;\r\n            box-sizing: border-box;\r\n        }\r\n\r\n        #esporas-landing-hero-wrapper * { box-sizing: border-box; }\r\n\r\n        \/* Tipograf\u00eda DM Sans *\/\r\n        #esporas-landing-hero-wrapper h1,\r\n        #esporas-landing-hero-wrapper .badge,\r\n        #esporas-landing-hero-wrapper .btn {\r\n            font-family: 'DM Sans', sans-serif !important;\r\n        }\r\n\r\n        \/* Contenedor Principal de la Portada *\/\r\n        #esporas-landing-hero-wrapper .landing-hero {\r\n            background: var(--apple-card);\r\n            border-radius: 32px;\r\n            overflow: hidden;\r\n            display: flex;\r\n            min-height: 600px; \r\n            border: 1px solid rgba(0, 0, 0, 0.05);\r\n            box-shadow: 0 20px 60px rgba(0,0,0,0.06);\r\n            animation: fadeIn 1s ease-out;\r\n        }\r\n\r\n        \/* Columna Izquierda: Texto *\/\r\n        #esporas-landing-hero-wrapper .hero-text-content {\r\n            flex: 1.15;\r\n            padding: 80px 60px;\r\n            display: flex;\r\n            flex-direction: column;\r\n            justify-content: center;\r\n            z-index: 2;\r\n        }\r\n\r\n        #esporas-landing-hero-wrapper .badge {\r\n            display: inline-block; \r\n            padding: 8px 16px; \r\n            background: var(--brand-brown-light);\r\n            color: var(--brand-brown);\r\n            border-radius: 20px; \r\n            font-size: 13px; \r\n            font-weight: 700;\r\n            letter-spacing: 1px; \r\n            margin-bottom: 25px; \r\n            text-transform: uppercase;\r\n            border: 1px solid var(--brand-brown-mid);\r\n            align-self: flex-start;\r\n        }\r\n\r\n        #esporas-landing-hero-wrapper h1 { \r\n            font-size: 54px !important; \r\n            font-weight: 700 !important; \r\n            margin: 0 0 24px 0 !important; \r\n            line-height: 1.05 !important; \r\n            color: var(--apple-text) !important;\r\n            letter-spacing: -0.5px;\r\n        }\r\n\r\n        #esporas-landing-hero-wrapper h1 span {\r\n            color: var(--brand-brown);\r\n        }\r\n\r\n        #esporas-landing-hero-wrapper p { \r\n            font-size: 20px; \r\n            color: var(--apple-secondary); \r\n            line-height: 1.6; \r\n            margin-bottom: 40px;\r\n            max-width: 95%;\r\n        }\r\n\r\n        \/* Botones de Acci\u00f3n *\/\r\n        #esporas-landing-hero-wrapper .hero-actions {\r\n            display: flex;\r\n            gap: 16px;\r\n            align-items: center;\r\n            flex-wrap: wrap;\r\n        }\r\n\r\n        #esporas-landing-hero-wrapper .btn {\r\n            display: inline-flex;\r\n            align-items: center;\r\n            justify-content: center;\r\n            padding: 16px 32px;\r\n            border-radius: 30px;\r\n            font-size: 16px;\r\n            font-weight: 600;\r\n            text-decoration: none;\r\n            transition: all 0.3s ease;\r\n        }\r\n\r\n        #esporas-landing-hero-wrapper .btn-primary {\r\n            background: var(--brand-brown);\r\n            color: white;\r\n            border: 2px solid var(--brand-brown);\r\n        }\r\n\r\n        #esporas-landing-hero-wrapper .btn-primary:hover {\r\n            background: var(--brand-brown-hover);\r\n            border-color: var(--brand-brown-hover);\r\n            transform: translateY(-2px);\r\n            box-shadow: 0 10px 20px rgba(111, 78, 55, 0.2);\r\n        }\r\n\r\n        #esporas-landing-hero-wrapper .btn-secondary {\r\n            background: transparent;\r\n            color: var(--brand-brown);\r\n            border: 2px solid var(--brand-brown-mid);\r\n        }\r\n\r\n        #esporas-landing-hero-wrapper .btn-secondary:hover {\r\n            border-color: var(--brand-brown);\r\n            background: var(--brand-brown-light);\r\n            transform: translateY(-2px);\r\n        }\r\n\r\n        \/* Columna Derecha: Imagen *\/\r\n        #esporas-landing-hero-wrapper .hero-image-content {\r\n            flex: 0.85;\r\n            background-image: linear-gradient(to right, #ffffff 0%, rgba(255,255,255,0) 25%), \r\n                              url('https:\/\/esporasdelatierra.com\/wp-content\/uploads\/2025\/06\/background-of-mushrooms-2025-03-08-04-38-39-utc.jpg');\r\n            background-size: cover;\r\n            background-position: center left; \r\n            position: relative;\r\n        }\r\n\r\n        \/* Responsive Design *\/\r\n        @media (max-width: 950px) {\r\n            #esporas-landing-hero-wrapper .landing-hero {\r\n                flex-direction: column;\r\n            }\r\n            #esporas-landing-hero-wrapper .hero-image-content {\r\n                min-height: 350px;\r\n                order: -1; \r\n                background-image: linear-gradient(to top, #ffffff 0%, rgba(255,255,255,0) 30%), \r\n                                  url('https:\/\/esporasdelatierra.com\/wp-content\/uploads\/2025\/06\/background-of-mushrooms-2025-03-08-04-38-39-utc.jpg');\r\n                background-position: center;\r\n            }\r\n            #esporas-landing-hero-wrapper .hero-text-content {\r\n                padding: 40px 30px 50px;\r\n                text-align: center;\r\n                align-items: center;\r\n            }\r\n            #esporas-landing-hero-wrapper .badge { align-self: center; }\r\n            #esporas-landing-hero-wrapper h1 { font-size: 42px !important; }\r\n            #esporas-landing-hero-wrapper p { max-width: 100%; font-size: 18px; }\r\n            #esporas-landing-hero-wrapper .hero-actions { justify-content: center; width: 100%; }\r\n            #esporas-landing-hero-wrapper .btn { width: 100%; }\r\n        }\r\n    <\/style>\r\n\r\n    <div class=\"landing-hero\">\r\n        <div class=\"hero-text-content\">\r\n            <span class=\"badge\">Agroforester\u00eda Avanzada<\/span>\r\n            <h1>Construimos soberan\u00eda <span>desde la ra\u00edz<\/span><\/h1>\r\n            <p>Convertimos suelos desafiantes en bosques comestibles de alto rendimiento. Fusionamos dise\u00f1o h\u00eddrico, inteligencia f\u00fangica y automatizaci\u00f3n para crear ecosistemas que trabajan por ti.<\/p>\r\n            \r\n            <div class=\"hero-actions\">\r\n                <a href=\"#contacto\" class=\"btn btn-primary\">Iniciar mi Proyecto<\/a>\r\n                <a href=\"#metodologia\" class=\"btn btn-secondary\">Conocer la Metodolog\u00eda<\/a>\r\n            <\/div>\r\n        <\/div>\r\n        \r\n        <div class=\"hero-image-content\">\r\n            <\/div>\r\n    <\/div>\r\n<\/div>\t\t\t\t<\/div>\n\t\t\t\t\t<\/div>\n\t\t<\/div>\n\t\t\t\t\t<\/div>\n\t\t<\/section>\n\t\t\t\t<section data-particle_enable=\"false\" data-particle-mobile-disabled=\"false\" class=\"elementor-section elementor-top-section elementor-element elementor-element-efd854f elementor-section-boxed elementor-section-height-default elementor-section-height-default\" data-id=\"efd854f\" data-element_type=\"section\" data-e-type=\"section\">\n\t\t\t\t\t\t<div class=\"elementor-container elementor-column-gap-default\">\n\t\t\t\t\t<div class=\"elementor-column elementor-col-100 elementor-top-column elementor-element elementor-element-f061ff6\" data-id=\"f061ff6\" data-element_type=\"column\" data-e-type=\"column\">\n\t\t\t<div class=\"elementor-widget-wrap\">\n\t\t\t\t\t\t\t<\/div>\n\t\t<\/div>\n\t\t\t\t\t<\/div>\n\t\t<\/section>\n\t\t\t\t<\/div>","protected":false},"excerpt":{"rendered":"<p>Agroforester\u00eda Avanzada Construimos soberan\u00eda desde la ra\u00edz Convertimos suelos desafiantes en bosques comestibles de alto rendimiento. Fusionamos dise\u00f1o h\u00eddrico, inteligencia f\u00fangica y automatizaci\u00f3n para crear ecosistemas que trabajan por ti. Iniciar mi Proyecto Conocer la Metodolog\u00eda<\/p>","protected":false},"author":1,"featured_media":0,"parent":0,"menu_order":0,"comment_status":"closed","ping_status":"closed","template":"","meta":{"footnotes":""},"class_list":["post-2493","page","type-page","status-publish","hentry"],"jetpack_sharing_enabled":true,"_links":{"self":[{"href":"https:\/\/esporasdelatierra.com\/en\/wp-json\/wp\/v2\/pages\/2493","targetHints":{"allow":["GET"]}}],"collection":[{"href":"https:\/\/esporasdelatierra.com\/en\/wp-json\/wp\/v2\/pages"}],"about":[{"href":"https:\/\/esporasdelatierra.com\/en\/wp-json\/wp\/v2\/types\/page"}],"author":[{"embeddable":true,"href":"https:\/\/esporasdelatierra.com\/en\/wp-json\/wp\/v2\/users\/1"}],"replies":[{"embeddable":true,"href":"https:\/\/esporasdelatierra.com\/en\/wp-json\/wp\/v2\/comments?post=2493"}],"version-history":[{"count":10,"href":"https:\/\/esporasdelatierra.com\/en\/wp-json\/wp\/v2\/pages\/2493\/revisions"}],"predecessor-version":[{"id":2508,"href":"https:\/\/esporasdelatierra.com\/en\/wp-json\/wp\/v2\/pages\/2493\/revisions\/2508"}],"wp:attachment":[{"href":"https:\/\/esporasdelatierra.com\/en\/wp-json\/wp\/v2\/media?parent=2493"}],"curies":[{"name":"wp","href":"https:\/\/api.w.org\/{rel}","templated":true}]}}